{"id":55,"date":"2020-10-19T19:38:34","date_gmt":"2020-10-19T17:38:34","guid":{"rendered":"https:\/\/www.gcdp.de\/page\/?page_id=55"},"modified":"2024-08-19T00:38:04","modified_gmt":"2024-08-18T22:38:04","slug":"unser-chor","status":"publish","type":"page","link":"https:\/\/www.gcdp.de\/page\/index.php\/unser-chor\/","title":{"rendered":"Unser Chor"},"content":{"rendered":"\r\n<div class=\"wp-block-group\">\r\n<div class=\"wp-block-group__inner-container is-layout-flow wp-block-group-is-layout-flow\">\r\n<div class=\"wp-block-image is-style-default\">\r\n<p class=\"aligncenter size-full is-resized\"><img loading=\"lazy\" decoding=\"async\" class=\"wp-image-89\" src=\"https:\/\/www.gcdp.de\/page\/wp-content\/uploads\/2020\/10\/header_02.png\" alt=\"\" width=\"1280\" height=\"429\" srcset=\"https:\/\/www.gcdp.de\/page\/wp-content\/uploads\/2020\/10\/header_02.png 1280w, https:\/\/www.gcdp.de\/page\/wp-content\/uploads\/2020\/10\/header_02-300x101.png 300w, https:\/\/www.gcdp.de\/page\/wp-content\/uploads\/2020\/10\/header_02-1024x343.png 1024w, https:\/\/www.gcdp.de\/page\/wp-content\/uploads\/2020\/10\/header_02-768x257.png 768w\" sizes=\"auto, (max-width: 1280px) 100vw, 1280px\" \/><\/p>\r\n<\/div>\r\n<p>\r\n\r\n<br \/><br \/>Der Gemischte Chor der Polizei Berlin besteht seit nunmehr \u00fcber 50 Jahren. Die Freude am gemeinsamen Singen und Musizieren ist f\u00fcr uns zu einem Hobby geworden, auf das keiner von uns verzichten m\u00f6chte. Zu unserer Gemeinschaft geh\u00f6ren S\u00e4ngerinnen und S\u00e4nger aller Alters- und Berufsgruppen. Wir pflegen ein breites und vielseitiges Repertoire. Der Chor musiziert Vokalmusik aus mehreren Jahrhunderten, der Bogen spannt sich vom 15. bis in das 21. Jahrhundert. Nationale und internationale, weltliche und geistliche Chormusik, Klassik und Folklore wechseln einander ab. Melodien aus Oper, Operette, Musical oder z.B. ein Hit-Mix von <a href=\"https:\/\/de.wikipedia.org\/wiki\/Udo_J%C3%BCrgens\">Udo-J\u00fcrgens<\/a>-Klassikern geh\u00f6ren ebenfalls dazu. Oft sind es Arrangements, die speziell auf die jeweilige derzeitige Besetzung des Chores zugeschneidert sind, quasi &#8222;Musikalische Ma\u00dfanz\u00fcge&#8220;. Besonderen Spa\u00df haben wir an szenisch gestalteten St\u00fccken wie unserer &#8222;Chorprobe&#8220; in Anlehnung an die Singschule aus <a href=\"https:\/\/de.wikipedia.org\/wiki\/Albert_Lortzing\">Albert Lortzing<\/a>s &#8222;<a href=\"https:\/\/de.wikipedia.org\/wiki\/Zar_und_Zimmermann\">Zar und Zimmermann<\/a>&#8220; oder unserem Dauerbrenner, vielleicht sogar unserem Markenzeichen, das <a href=\"https:\/\/de.wikipedia.org\/wiki\/Paul_Lincke\">Paul-Lincke<\/a>-Medley mit <a href=\"https:\/\/de.wikipedia.org\/wiki\/Goldene_Zwanziger\">Alt-Berliner<\/a> Melodien in Kost\u00fcmen der 20er Jahre.<br \/><br \/>In jedem Jahr begibt sich der Chor auf eine Konzertreise in das In- oder Ausland. Er war zu Gast in nahezu allen Bundesl\u00e4ndern und gab wiederholt Konzerte in <a href=\"https:\/\/de.wikipedia.org\/wiki\/Italien\">Italien<\/a>, <a href=\"https:\/\/de.wikipedia.org\/wiki\/%C3%96sterreich\">\u00d6sterreich<\/a>, <a href=\"https:\/\/de.wikipedia.org\/wiki\/Mallorca\">Mallorca <\/a>und <a href=\"https:\/\/de.wikipedia.org\/wiki\/Prag\">Prag<\/a>. 2004 reiste der Chor zu Konzerten nach <a href=\"https:\/\/de.wikipedia.org\/wiki\/Kanada\">Kanada<\/a> und <a href=\"https:\/\/de.wikipedia.org\/wiki\/New_York_City\">New York<\/a>.<br \/><br \/>Der Chor stellt seine Leistungsf\u00e4higkeit immer wieder unter Beweis und gastiert in Berlins gro\u00dfen Konzerts\u00e4len wie z.B. der <a href=\"http:\/\/www.berlin.de\/tickets\/suche\/ort.php?ort=170\">Philharmonie<\/a>, dem <a href=\"https:\/\/www.konzerthaus.de\/de\/\">Konzerthaus<\/a>, der <a href=\"https:\/\/www.udk-berlin.de\/startseite\/\">Universit\u00e4t der K\u00fcnste<\/a>, in vielen Kirchen und im <a href=\"http:\/\/www.berlinerdom.de\/\">Berliner Dom<\/a>. Der Chor erreichte eine solche Klangqualit\u00e4t, dass mehrere CD`s produziert werden konnten.<br \/><br \/>Wir versuchen bei der Repertoireauswahl stets das Leistungsverm\u00f6gen des Chores im Auge zu behalten, d.h. Literatur zu finden, welche die St\u00e4rken des Chores hervorhebt und sein musikalisches Leistungsverm\u00f6gen erh\u00e4lt, m\u00f6glichst noch \u00fcber viele Jahre.<br \/>Bei dem demographischen Wandel in der Gesellschaft, der auch vor unserem Chor nicht halt macht, keine leichte Aufgabe.<br \/><br \/>\r\n\r\nWas Chorleiter, S\u00e4ngerinnen und S\u00e4nger vereint und antreibt, ist:\r\n\r\n<\/p>\r\n<ul class=\"wp-block-list\">\r\n<li>die Liebe zur Musik<\/li>\r\n<li>die Freude am Gesang<\/li>\r\n<li>das tolle Gef\u00fchl des Stolzes, wenn wir sp\u00fcren, dass unsere Musik die Menschen erreicht und positiv ber\u00fchrt.<\/li>\r\n<\/ul>\r\n<p><span class=\"m_7405973442236242692DefaultFontHxMailStyle\"><strong> Unser Chor ist Mitglied im <a href=\"https:\/\/www.chorverband-berlin.de\/\">Chorverband Berlin e.V.<\/a> und im <\/strong><a href=\"https:\/\/www.chorverband-polizei.de\/Home.html\"><strong>Chorverband der Deutschen Polizei e.V.<\/strong><\/a><\/span><\/p>\r\n<\/div>\r\n<\/div>\r\n\r\n<p><iframe loading=\"lazy\" title=\"YouTube video player\" src=\"https:\/\/www.youtube-nocookie.com\/embed\/8oezxW9khFY?si=gRMGoqP6e7aa88Ms\" width=\"560\" height=\"315\" frameborder=\"0\" allowfullscreen=\"allowfullscreen\"><\/iframe><\/p>","protected":false},"excerpt":{"rendered":"<p>Der Gemischte Chor der Polizei Berlin besteht seit nunmehr \u00fcber 50 Jahren. Die Freude am gemeinsamen Singen und Musizieren ist f\u00fcr uns zu einem Hobby geworden, auf das keiner von [&hellip;]<\/p>\n","protected":false},"author":1,"featured_media":0,"parent":0,"menu_order":0,"comment_status":"closed","ping_status":"closed","template":"","meta":{"footnotes":""},"class_list":["post-55","page","type-page","status-publish","hentry"],"_links":{"self":[{"href":"https:\/\/www.gcdp.de\/page\/index.php\/wp-json\/wp\/v2\/pages\/55","targetHints":{"allow":["GET"]}}],"collection":[{"href":"https:\/\/www.gcdp.de\/page\/index.php\/wp-json\/wp\/v2\/pages"}],"about":[{"href":"https:\/\/www.gcdp.de\/page\/index.php\/wp-json\/wp\/v2\/types\/page"}],"author":[{"embeddable":true,"href":"https:\/\/www.gcdp.de\/page\/index.php\/wp-json\/wp\/v2\/users\/1"}],"replies":[{"embeddable":true,"href":"https:\/\/www.gcdp.de\/page\/index.php\/wp-json\/wp\/v2\/comments?post=55"}],"version-history":[{"count":6,"href":"https:\/\/www.gcdp.de\/page\/index.php\/wp-json\/wp\/v2\/pages\/55\/revisions"}],"predecessor-version":[{"id":1441,"href":"https:\/\/www.gcdp.de\/page\/index.php\/wp-json\/wp\/v2\/pages\/55\/revisions\/1441"}],"wp:attachment":[{"href":"https:\/\/www.gcdp.de\/page\/index.php\/wp-json\/wp\/v2\/media?parent=55"}],"curies":[{"name":"wp","href":"https:\/\/api.w.org\/{rel}","templated":true}]}}