{"id":57,"date":"2020-10-19T19:39:05","date_gmt":"2020-10-19T17:39:05","guid":{"rendered":"https:\/\/www.gcdp.de\/page\/?page_id=57"},"modified":"2025-06-21T13:35:56","modified_gmt":"2025-06-21T11:35:56","slug":"unser-chorleiter","status":"publish","type":"page","link":"https:\/\/www.gcdp.de\/page\/index.php\/unser-chorleiter\/","title":{"rendered":"Unser Chorleiter"},"content":{"rendered":"\r\n<div class=\"wp-block-group\">\r\n<div class=\"wp-block-group__inner-container is-layout-flow wp-block-group-is-layout-flow\">\r\n<div class=\"wp-block-columns is-layout-flex wp-container-core-columns-is-layout-9d6595d7 wp-block-columns-is-layout-flex\">\r\n<div class=\"wp-block-column is-layout-flow wp-block-column-is-layout-flow\">\r\n<figure class=\"wp-block-image size-full is-resized\"><img loading=\"lazy\" decoding=\"async\" class=\"wp-image-51\" src=\"https:\/\/www.gcdp.de\/page\/wp-content\/uploads\/2020\/10\/PICT0076-2card_Kopie-1_0.jpg\" alt=\"\" width=\"540\" height=\"483\" srcset=\"https:\/\/www.gcdp.de\/page\/wp-content\/uploads\/2020\/10\/PICT0076-2card_Kopie-1_0.jpg 540w, https:\/\/www.gcdp.de\/page\/wp-content\/uploads\/2020\/10\/PICT0076-2card_Kopie-1_0-300x268.jpg 300w\" sizes=\"auto, (max-width: 540px) 100vw, 540px\" \/><\/figure>\r\n\r\n\r\n\r\n<p style=\"font-size: 18px;\">\u00a0<\/p>\r\n<\/div>\r\n\r\n\r\n\r\n<div class=\"wp-block-column is-layout-flow wp-block-column-is-layout-flow\">\r\n<h2 class=\"wp-block-heading\"><strong><em>K\u00fcnstlerische Vita<br \/>Heiko Jerke\u00a0\u00a0\u00a0\u00a0\u00a0\u00a0\u00a0\u00a0\u00a0\u00a0\u00a0\u00a0\u00a0\u00a0<\/em><\/strong><\/h2>\r\n\r\n\r\n\r\n<p>Geboren 1960 in Magdeburg, wurden bereits in der Kindheit die Grundlagen seiner musikalischen Ausbildung gelegt: ab dem<br \/>10. Lebensjahr Klavierunterricht und aktives Chorsingen,<br \/>1977-79 Gesangsunterricht in Leipzig an der Hochschule f\u00fcr Musik &#8222;Felix Mendelssohn Bartholdy\u201d.<\/p>\r\n\r\n\r\n\r\n<p>Seit 1979 S\u00e4nger im Chor des Erich-Weinert-Ensembles (EWE) &#8211; von 1990 bis 2002 Berliner M\u00e4nnerchor \/ Vokalensemble<br \/>&#8222;Carl Maria von Weber&#8220; absolvierte Heiko Jerke hier eine Ausbildung zum Berufss\u00e4nger und anschlie\u00dfend ein Dirigentenstudium an der Hochschule f\u00fcr Musik &#8222;Hanns Eisler&#8220; Berlin.<\/p>\r\n<\/div>\r\n<\/div>\r\n\r\n\r\n\r\n<p>Ab 1987\u00a0 2. Chorleiter dieses Berufsm\u00e4nnerchores sowie Tenorsolist und Musikdramaturg in einer Person, beeinflusst fortan seine dramaturgische Arbeit ma\u00dfgeblich die Repertoire- und Programmgestaltung dieses national und international anerkannten vokalen Spitzenklangk\u00f6rpers. Chorbearbeitungen aus seiner Feder bereichern und erweitern das Repertoire des Chores.<\/p>\r\n\r\n\r\n\r\n<p>Von 1998 bis 2004 war er mehrfach im Jahr als S\u00e4nger bei den Ludwigsburger Schlossfestspielen in Baden-W\u00fcrttemberg t\u00e4tig. Zwischen 2002 und 2007 sang Heiko Jerke im \u201cEnsemble Dreiklang\u201d, das er gemeinsam mit der S\u00e4ngerin Galina Baida und dem russischen Bajan-Virtuosen Ilia Kurtev ins Leben gerufen hatte.<\/p>\r\n\r\n\r\n\r\n<p>Seit 2003 als Chorleiter und Gesangsp\u00e4dagoge im Amateurchorbereich t\u00e4tig, war und ist er k\u00fcnstlerischer Leiter mehrerer Ch\u00f6re in Berlin:<\/p>\r\n\r\n\r\n\r\n<ul class=\"wp-block-list\">\r\n<li>\u00a0\u00a0 Gemischter Chor &#8222;Ernst Moritz Arndt&#8220; e.V.(von 2003 bis 2021)<\/li>\r\n<li>\u00a0\u00a0 Chorvereinigung CONCORDIA Berlin-Mitte e.V.<br \/>\u00a0\u00a0 (von 2004 bis 2017)<\/li>\r\n<li>\u00a0\u00a0 Gemischter Chor der Polizei Berlin e.V. (seit 2007).<\/li>\r\n<\/ul>\r\n\r\n\r\n\r\n<p>Breiten Raum seiner k\u00fcnstlerischen Arbeit nimmt das Komponieren und Arrangieren ein. Praxistaugliche Chormusik im 21. Jahrhundert, d.h. Kompositionen und Arrangements, die Verbindung halten zu den tonalen und melodieorientierten Traditionen der Chormusik fr\u00fcherer Jahrhunderte, besonders zu Klassik und Romantik, die aber dennoch f\u00fcr das heutige Musizieren von Ch\u00f6ren attraktiv und zeitgem\u00e4\u00df daherkommen (<a href=\"http:\/\/www.heiko-jerke-chormusik.de\" target=\"_blank\" rel=\"noreferrer noopener\">www.heiko-jerke-chormusik.de<\/a>).\u00a0\u00a0\u00a0<\/p>\r\n<\/div>\r\n<\/div>\r\n","protected":false},"excerpt":{"rendered":"<p>\u00a0 K\u00fcnstlerische VitaHeiko Jerke\u00a0\u00a0\u00a0\u00a0\u00a0\u00a0\u00a0\u00a0\u00a0\u00a0\u00a0\u00a0\u00a0\u00a0 Geboren 1960 in Magdeburg, wurden bereits in der Kindheit die Grundlagen seiner musikalischen Ausbildung gelegt: ab dem10. Lebensjahr Klavierunterricht und aktives Chorsingen,1977-79 Gesangsunterricht in Leipzig an [&hellip;]<\/p>\n","protected":false},"author":1,"featured_media":0,"parent":0,"menu_order":0,"comment_status":"closed","ping_status":"closed","template":"","meta":{"footnotes":""},"class_list":["post-57","page","type-page","status-publish","hentry"],"_links":{"self":[{"href":"https:\/\/www.gcdp.de\/page\/index.php\/wp-json\/wp\/v2\/pages\/57","targetHints":{"allow":["GET"]}}],"collection":[{"href":"https:\/\/www.gcdp.de\/page\/index.php\/wp-json\/wp\/v2\/pages"}],"about":[{"href":"https:\/\/www.gcdp.de\/page\/index.php\/wp-json\/wp\/v2\/types\/page"}],"author":[{"embeddable":true,"href":"https:\/\/www.gcdp.de\/page\/index.php\/wp-json\/wp\/v2\/users\/1"}],"replies":[{"embeddable":true,"href":"https:\/\/www.gcdp.de\/page\/index.php\/wp-json\/wp\/v2\/comments?post=57"}],"version-history":[{"count":4,"href":"https:\/\/www.gcdp.de\/page\/index.php\/wp-json\/wp\/v2\/pages\/57\/revisions"}],"predecessor-version":[{"id":1570,"href":"https:\/\/www.gcdp.de\/page\/index.php\/wp-json\/wp\/v2\/pages\/57\/revisions\/1570"}],"wp:attachment":[{"href":"https:\/\/www.gcdp.de\/page\/index.php\/wp-json\/wp\/v2\/media?parent=57"}],"curies":[{"name":"wp","href":"https:\/\/api.w.org\/{rel}","templated":true}]}}