{"id":59,"date":"2020-10-19T19:39:31","date_gmt":"2020-10-19T17:39:31","guid":{"rendered":"https:\/\/www.gcdp.de\/page\/?page_id=59"},"modified":"2020-10-19T20:04:45","modified_gmt":"2020-10-19T18:04:45","slug":"50-jahre-chor","status":"publish","type":"page","link":"https:\/\/www.gcdp.de\/page\/index.php\/50-jahre-chor\/","title":{"rendered":"50 Jahre Chor"},"content":{"rendered":"\n<div class=\"wp-block-group\"><div class=\"wp-block-group__inner-container is-layout-flow wp-block-group-is-layout-flow\">\n<div class=\"wp-block-columns is-layout-flex wp-container-core-columns-is-layout-9d6595d7 wp-block-columns-is-layout-flex\">\n<div class=\"wp-block-column is-layout-flow wp-block-column-is-layout-flow\">\n<h1 class=\"wp-block-heading\">50 Jahre Gemischter Chor der Polizei Berlin<\/h1>\n\n\n\n<p>Wenn man erlebt, was 50 Jahre Singen im Chor bedeutet, dann erschlie\u00dft sich ein ganz besonderes Gl\u00fccksgef\u00fchl, das schwer zu beschreiben ist<\/p>\n\n\n\n<p>Der Gemischte Chor der Polizei Berlin feiert in diesem Jahr sein 50-j\u00e4hriges Jubil\u00e4um&nbsp;\u2013&nbsp;ein H\u00f6hepunkt, eingebettet, der 89. Delegiertentag des Chorverbandes der Deutschen Polizei.<\/p>\n\n\n\n<p>\u00dcber 250 Delegierte aus Polizeich\u00f6ren der ganzen Republik feierten mit den \u00fcber 800 Zuh\u00f6rern in der Universit\u00e4t der K\u00fcnste am 06.04.2018 ein Konzert, zu dem der Gemischte Chor der Polizei Berlin G\u00e4ste eingeladen hatte. Es musizierten der Gemischte Chor &#8222;Ernst Moritz Arndt&#8220;, der Friedrichshainer Jugendchor, das Duo Faller und die Berlin Police Pipe Band.<\/p>\n\n\n\n<p>Der Projektchor &#8222;Lebenszeit&#8220;, gegr\u00fcndet im August 2018 durch den Gemischten Chor der Polizei Berlin, gab sein Deb\u00fct mit einem Ost-Rock-Medley. Allen S\u00e4ngerinnen und S\u00e4ngern danken wir herzlich f\u00fcr die zahlreiche Teilnahme.<\/p>\n\n\n\n<p>Standing Ovations waren am Ende des Konzertes der Lohn f\u00fcr alle K\u00fcnstler. Es war einzigartig, ein unbeschreibliches Gl\u00fccksgef\u00fchl, die Herzen der Menschen mit Musik erreicht und ihnen ein paar Stunden der Entspannung und Freude geschenkt zu haben.<br>Das Jahr 2018 ist mit den Konzerten des Gemischten Chores der Polizei Berlin gepr\u00e4gt von dem 50-j\u00e4hrigen Jubil\u00e4um.<br>Die Sangesfreude der Chormitglieder ist ungebrochen und wird durch die vielf\u00e4ltigen Konzerte gesteigert.<\/p>\n\n\n\n<p>Wir machen weiter \u2013 zu unserer und der Freude des Publikums!<\/p>\n\n\n\n<p><sub><em>Anneli Kr\u00f6mke<\/em><\/sub><br>Vorsitzende des Gemischten Chores der Polizei Berlin<\/p>\n<\/div>\n\n\n\n<div class=\"wp-block-column is-layout-flow wp-block-column-is-layout-flow\">\n<h2 class=\"wp-block-heading\">Ein Auszug aus der PGM<\/h2>\n\n\n\n<object data=\"https:\/\/gemischter-chor-berlin.de\/pdf\/auszug03.18.pdf\" style=\"width:100%;height:600px\" type=\"application\/pdf\">Dokument kann nicht Angezeigt werden. <a href=\"https:\/\/gemischter-chor-berlin.de\/pdf\/auszug03.18.pdf\">Dokument herunterladen<\/a><\/object>\n\n\n\n<p>Das Komplette Dokument <sup>(Ausgabe:03\/18)<\/sup> k\u00f6nnen Sie hier ebenfalls <a href=\"https:\/\/verlag-pgm.de\/?page_id=352\">herunterladen<\/a>.<\/p>\n<\/div>\n<\/div>\n<\/div><\/div>\n","protected":false},"excerpt":{"rendered":"<p>50 Jahre Gemischter Chor der Polizei Berlin Wenn man erlebt, was 50 Jahre Singen im Chor bedeutet, dann erschlie\u00dft sich ein ganz besonderes Gl\u00fccksgef\u00fchl, das schwer zu beschreiben ist Der [&hellip;]<\/p>\n","protected":false},"author":1,"featured_media":0,"parent":0,"menu_order":0,"comment_status":"closed","ping_status":"closed","template":"","meta":{"footnotes":""},"class_list":["post-59","page","type-page","status-publish","hentry"],"_links":{"self":[{"href":"https:\/\/www.gcdp.de\/page\/index.php\/wp-json\/wp\/v2\/pages\/59","targetHints":{"allow":["GET"]}}],"collection":[{"href":"https:\/\/www.gcdp.de\/page\/index.php\/wp-json\/wp\/v2\/pages"}],"about":[{"href":"https:\/\/www.gcdp.de\/page\/index.php\/wp-json\/wp\/v2\/types\/page"}],"author":[{"embeddable":true,"href":"https:\/\/www.gcdp.de\/page\/index.php\/wp-json\/wp\/v2\/users\/1"}],"replies":[{"embeddable":true,"href":"https:\/\/www.gcdp.de\/page\/index.php\/wp-json\/wp\/v2\/comments?post=59"}],"version-history":[{"count":4,"href":"https:\/\/www.gcdp.de\/page\/index.php\/wp-json\/wp\/v2\/pages\/59\/revisions"}],"predecessor-version":[{"id":97,"href":"https:\/\/www.gcdp.de\/page\/index.php\/wp-json\/wp\/v2\/pages\/59\/revisions\/97"}],"wp:attachment":[{"href":"https:\/\/www.gcdp.de\/page\/index.php\/wp-json\/wp\/v2\/media?parent=59"}],"curies":[{"name":"wp","href":"https:\/\/api.w.org\/{rel}","templated":true}]}}