{"id":65,"date":"2020-10-19T19:40:14","date_gmt":"2020-10-19T17:40:14","guid":{"rendered":"https:\/\/www.gcdp.de\/page\/?page_id=65"},"modified":"2023-02-09T18:42:46","modified_gmt":"2023-02-09T16:42:46","slug":"galerie","status":"publish","type":"page","link":"https:\/\/www.gcdp.de\/page\/index.php\/galerie\/","title":{"rendered":"Galerie"},"content":{"rendered":"<div class=\"su-box su-box-style-bubbles\" id=\"\" style=\"border-color:#000000;border-radius:3px;max-width:none\"><div class=\"su-box-title\" style=\"background-color:#333333;color:#FFFFFF;border-top-left-radius:1px;border-top-right-radius:1px\">Alle Jahre fr\u00f6hliche Weihnacht<\/div><div class=\"su-box-content su-u-clearfix su-u-trim\" style=\"border-bottom-left-radius:1px;border-bottom-right-radius:1px\">\n<p>Am 15.12.2017 veranstalteten wir unser gro\u00dfes Weihnachtskonzert im Freizeitforum Marzahn. Gleichzeitig unser letzter Auftritt in diesem Jahr. Weihnachten kann kommen !!!<br \/>\n55 S\u00e4ngerinnen und S\u00e4nger pr\u00e4sentierten heute vor einem ausverkauften Saal ein wundersch\u00f6nes Weihnachtskonzert. Zum Mitsingen animiert stimmte das Publikum in die Saal-Lieder \u201eGuten Abend, sch\u00f6n Abend\u201c, \u201eSind die Lichter angez\u00fcndet\u201c und \u201eO du fr\u00f6hliche\u201c kr\u00e4ftig ein. Es war sehr, sehr sch\u00f6n zu h\u00f6ren.<br \/>\nWir wurden mit viel Applaus bedacht. Es war eine tolle Stimmung, alles lief wie am Schn\u00fcrchen. Mit vielen Weihnachtsliedern konnten wir dem Publikum ein buntes Repertoire bieten. Unsere G\u00e4ste, Die Notenschachteln, trugen mit ihren Liedern \u201eDie Dornenv\u00f6gel\u201c, \u201eDer Schleier fiel\u201c sowie \u201eDer Clown\u201c zu einer fantastischen Abwechslung bei.<br \/>\nMit der Erz\u00e4hlung \u201edas Lametta\u201c brachte Heiko das Publikum wieder zum Lachen. Es ist auch immer wieder sch\u00f6n diese Geschichte zu h\u00f6ren.<br \/>\nDas Freizeitforum Marzahn hatte eine tolle Kulisse f\u00fcr unser Weihnachtskonzert organisiert. Mit Weihnachtsb\u00e4umchen auf und \u00fcber der B\u00fchne sowie fantastischen Lichteffekten wurden unsere Lieder noch mal so sch\u00f6n, danke an das Haus!<\/p>\n<p><strong>Frohe Weihnachten und einen gesunden Start ins Jahr 2018 sowie ein erfolgreiches Chorjahr 2018 !<\/strong><\/div><\/div>\n<p>&nbsp;<\/p>\n<div class=\"su-box su-box-style-bubbles\" id=\"\" style=\"border-color:#000000;border-radius:3px;max-width:none\"><div class=\"su-box-title\" style=\"background-color:#333333;color:#FFFFFF;border-top-left-radius:1px;border-top-right-radius:1px\">Dies ist der Box-Titel<\/div><div class=\"su-box-content su-u-clearfix su-u-trim\" style=\"border-bottom-left-radius:1px;border-bottom-right-radius:1px\">\nJedes Jahr zur Weihnachtszeit l\u00e4dt die Wohnungsbaugenossenschaft \"Berolina\"eG ihre Seniorinnen und Senioren zu einem Weihnachtskonzert in die St. Jacobi-Kirche in Berlin-Kreuzberg ein.<br \/>\nAn zwei Nachmittagen erfreute unser Chor die mehr als 450 Besucher, die der Einladung der \"Berolina\" gefolgt waren. Die gute Akustik in der Kirche, stimmungsvolle Lieder, und der Aufforderung zum Mitsingen, erfreuten Chor und Zuh\u00f6rer. Mit dem gemeinsamen Gesang<br \/>\n\"O du fr\u00f6hliche\" beendeten wir unser Programm.<br \/>\nDie Vertreter der Wohnungsbaugenossenschaft \"Berolina\" eG w\u00fcrdigten den schon traditionellen Auftritt des Chores und bedankten sich mit herzlichen Worten.\u00a0 Wundersch\u00f6ne Blumenstr\u00e4usse erhielten unsere Pianistin Irina Franz, der Chorleiter Heiko Jerke und die Vorsitzende des Gemischten Chores der Polizei Berlin, Anneli Kr\u00f6mke.<br \/>\nJedes Mitglied des Chores erhielt dar\u00fcber hinaus eine Rose, eine sch\u00f6ne Geste der Gastgebers.\u00a0\u00a0<\/div><\/div>\n<p>&nbsp;<\/p>\n","protected":false},"excerpt":{"rendered":"<p>&nbsp; &nbsp;<\/p>\n","protected":false},"author":1,"featured_media":0,"parent":0,"menu_order":0,"comment_status":"closed","ping_status":"closed","template":"","meta":{"footnotes":""},"class_list":["post-65","page","type-page","status-publish","hentry"],"_links":{"self":[{"href":"https:\/\/www.gcdp.de\/page\/index.php\/wp-json\/wp\/v2\/pages\/65","targetHints":{"allow":["GET"]}}],"collection":[{"href":"https:\/\/www.gcdp.de\/page\/index.php\/wp-json\/wp\/v2\/pages"}],"about":[{"href":"https:\/\/www.gcdp.de\/page\/index.php\/wp-json\/wp\/v2\/types\/page"}],"author":[{"embeddable":true,"href":"https:\/\/www.gcdp.de\/page\/index.php\/wp-json\/wp\/v2\/users\/1"}],"replies":[{"embeddable":true,"href":"https:\/\/www.gcdp.de\/page\/index.php\/wp-json\/wp\/v2\/comments?post=65"}],"version-history":[{"count":5,"href":"https:\/\/www.gcdp.de\/page\/index.php\/wp-json\/wp\/v2\/pages\/65\/revisions"}],"predecessor-version":[{"id":518,"href":"https:\/\/www.gcdp.de\/page\/index.php\/wp-json\/wp\/v2\/pages\/65\/revisions\/518"}],"wp:attachment":[{"href":"https:\/\/www.gcdp.de\/page\/index.php\/wp-json\/wp\/v2\/media?parent=65"}],"curies":[{"name":"wp","href":"https:\/\/api.w.org\/{rel}","templated":true}]}}